{"id":161,"date":"2021-09-30T11:44:36","date_gmt":"2021-09-30T11:44:36","guid":{"rendered":"http:\/\/ankommen-ohne-worte.de\/?page_id=161"},"modified":"2021-10-02T16:04:00","modified_gmt":"2021-10-02T16:04:00","slug":"tom-bieling","status":"publish","type":"page","link":"https:\/\/ankommen-ohne-worte.de\/en\/tom-bieling","title":{"rendered":"Tom Bieling"},"content":{"rendered":"<p>[et_pb_section fb_built=&#8220;1&#8243; admin_label=&#8220;Header Section&#8220; _builder_version=&#8220;4.10.7&#8243; use_background_color_gradient=&#8220;on&#8220; background_color_gradient_start=&#8220;#474747&#8243; background_color_gradient_end=&#8220;rgba(233,240,246,0.2)&#8220; background_color_gradient_overlays_image=&#8220;on&#8220; background_image=&#8220;http:\/\/ankommen-ohne-worte.de\/wp-content\/uploads\/2021\/09\/Plakatentwurf-Arrival-blue-Websmall.png&#8220; min_height=&#8220;621px&#8220; custom_margin=&#8220;||-230px||false|false&#8220; custom_margin_tablet=&#8220;0px||-260px||false|false&#8220; custom_margin_phone=&#8220;0px||-350px||false|false&#8220; custom_margin_last_edited=&#8220;on|desktop&#8220; custom_padding=&#8220;10%||0%||false|false&#8220; global_colors_info=&#8220;{}&#8220;][et_pb_row custom_padding_last_edited=&#8220;off|desktop&#8220; admin_label=&#8220;Header Row&#8220; _builder_version=&#8220;3.25&#8243; custom_margin=&#8220;|||&#8220; custom_padding=&#8220;2px||0px|||&#8220; custom_padding_phone=&#8220;3vw|||&#8220; global_colors_info=&#8220;{}&#8220;][et_pb_column type=&#8220;4_4&#8243; _builder_version=&#8220;3.25&#8243; custom_padding=&#8220;|||&#8220; global_colors_info=&#8220;{}&#8220; custom_padding__hover=&#8220;|||&#8220;][et_pb_text admin_label=&#8220;Heading &#038; Subheading&#8220; _builder_version=&#8220;4.10.8&#8243; text_font=&#8220;|600|||||||&#8220; text_font_size=&#8220;-2px&#8220; text_line_height=&#8220;1.8em&#8220; header_font=&#8220;|700||on|||||&#8220; header_font_size=&#8220;70px&#8220; header_line_height=&#8220;1.4em&#8220; header_2_font=&#8220;||||||||&#8220; text_orientation=&#8220;center&#8220; max_width=&#8220;800px&#8220; max_width_last_edited=&#8220;off|desktop&#8220; module_alignment=&#8220;center&#8220; custom_margin=&#8220;|||&#8220; custom_padding=&#8220;|||&#8220; custom_padding_last_edited=&#8220;off|desktop&#8220; animation_style=&#8220;fade&#8220; text_text_color_tablet=&#8220;&#8220; text_text_color_phone=&#8220;&#8220; text_text_color_last_edited=&#8220;on|phone&#8220; header_font_tablet=&#8220;&#8220; header_font_phone=&#8220;&#8220; header_font_last_edited=&#8220;on|tablet&#8220; header_font_size_tablet=&#8220;&#8220; header_font_size_phone=&#8220;40px&#8220; header_font_size_last_edited=&#8220;on|desktop&#8220; global_colors_info=&#8220;{}&#8220;]<\/p>\n<h1><span style=\"color: #00e6ff;\">Symposium<\/span><\/h1>\n<p>&nbsp;<\/p>\n<p>[\/et_pb_text][\/et_pb_column][\/et_pb_row][\/et_pb_section][et_pb_section fb_built=&#8220;1&#8243; admin_label=&#8220;Contact Section&#8220; _builder_version=&#8220;4.10.7&#8243; background_color=&#8220;#e9f0f6&#8243; custom_margin=&#8220;10px||||false|false&#8220; custom_margin_tablet=&#8220;0px||||false|false&#8220; custom_margin_phone=&#8220;&#8220; custom_margin_last_edited=&#8220;on|phone&#8220; custom_padding=&#8220;20px|0px|100px|0px|false|false&#8220; global_colors_info=&#8220;{}&#8220;][et_pb_row column_structure=&#8220;1_3,2_3&#8243; admin_label=&#8220;Message Row&#8220; _builder_version=&#8220;3.25&#8243; custom_padding=&#8220;6px|||||&#8220; global_colors_info=&#8220;{}&#8220;][et_pb_column type=&#8220;1_3&#8243; _builder_version=&#8220;3.25&#8243; custom_padding=&#8220;|||&#8220; global_colors_info=&#8220;{}&#8220; custom_padding__hover=&#8220;|||&#8220;][et_pb_text admin_label=&#8220;Title&#8220; _builder_version=&#8220;4.11.1&#8243; text_font=&#8220;Muli|600|||||||&#8220; text_text_color=&#8220;#737373&#8243; text_font_size=&#8220;18px&#8220; header_font=&#8220;||||||||&#8220; header_2_font=&#8220;|700|||||||&#8220; header_2_text_align=&#8220;left&#8220; header_2_font_size=&#8220;30px&#8220; header_2_line_height=&#8220;1.4em&#8220; max_width_last_edited=&#8220;off|desktop&#8220; custom_margin=&#8220;|||&#8220; custom_margin_tablet=&#8220;&#8220; custom_margin_phone=&#8220;||0px||false|false&#8220; custom_margin_last_edited=&#8220;on|phone&#8220; custom_padding=&#8220;|||&#8220; custom_padding_tablet=&#8220;|||120px|false|false&#8220; custom_padding_phone=&#8220;|||50px|false|false&#8220; custom_padding_last_edited=&#8220;on|desktop&#8220; hover_enabled=&#8220;0&#8243; header_2_font_size_tablet=&#8220;40px&#8220; header_2_font_size_phone=&#8220;20px&#8220; header_2_font_size_last_edited=&#8220;on|phone&#8220; global_colors_info=&#8220;{}&#8220; sticky_enabled=&#8220;0&#8243;]<\/p>\n<h2><span>Tom Bieling<\/span><\/h2>\n<p><span><\/span><\/p>\n<p>[\/et_pb_text][et_pb_image src=&#8220;http:\/\/ankommen-ohne-worte.de\/wp-content\/uploads\/2021\/09\/TomBieling_by_KaiHattermann.jpg&#8220; title_text=&#8220;TomBieling_by_KaiHattermann&#8220; _builder_version=&#8220;4.10.7&#8243; _module_preset=&#8220;default&#8220; transform_scale_tablet=&#8220;60%|60%&#8220; transform_scale_phone=&#8220;70%|70%&#8220; transform_scale_last_edited=&#8220;on|desktop&#8220; transform_translate_tablet=&#8220;&#8220; transform_translate_phone=&#8220;&#8220; transform_translate_last_edited=&#8220;on|tablet&#8220; transform_rotate_tablet=&#8220;&#8220; transform_rotate_phone=&#8220;&#8220; transform_rotate_last_edited=&#8220;on|tablet&#8220; transform_skew_tablet=&#8220;&#8220; transform_skew_phone=&#8220;&#8220; transform_skew_last_edited=&#8220;on|tablet&#8220; transform_origin_tablet=&#8220;&#8220; transform_origin_phone=&#8220;&#8220; transform_origin_last_edited=&#8220;on|tablet&#8220; transform_styles_last_edited=&#8220;on|desktop&#8220; custom_margin_tablet=&#8220;-80px||-30px||false|false&#8220; custom_margin_phone=&#8220;-40px||0px||false|false&#8220; custom_margin_last_edited=&#8220;on|desktop&#8220; transform_styles_tablet=&#8220;&#8220; transform_styles_phone=&#8220;&#8220; border_radii=&#8220;on|8px|8px|8px|8px&#8220; border_width_all=&#8220;2px&#8220; border_color_all=&#8220;#FFFFFF&#8220; box_shadow_style=&#8220;preset1&#8243; global_colors_info=&#8220;{}&#8220;][\/et_pb_image][et_pb_text _builder_version=&#8220;4.10.8&#8243; _module_preset=&#8220;default&#8220; global_colors_info=&#8220;{}&#8220;]<\/p>\n<p><span style=\"color: #c4c4c4;\"><span style=\"color: #000000;\"><strong>Samstag, 14.45 \u2013 15.30<\/strong><br \/>Design als Scharnier zwischen offener und geschlossener Gesellschaft<\/span><\/span><\/p>\n<p>&nbsp;<\/p>\n<p>[\/et_pb_text][et_pb_button button_url=&#8220;http:\/\/ankommen-ohne-worte.de\/anmeldung&#8220; button_text=&#8220;Jetzt anmelden&#8220; disabled_on=&#8220;on|on|off&#8220; _builder_version=&#8220;4.10.8&#8243; _module_preset=&#8220;default&#8220; custom_button=&#8220;on&#8220; button_text_color=&#8220;#00e6ff&#8220; button_border_color=&#8220;#00e6ff&#8220; global_colors_info=&#8220;{}&#8220;][\/et_pb_button][\/et_pb_column][et_pb_column type=&#8220;2_3&#8243; _builder_version=&#8220;3.25&#8243; custom_padding=&#8220;|||&#8220; global_colors_info=&#8220;{}&#8220; custom_padding__hover=&#8220;|||&#8220;][et_pb_text disabled_on=&#8220;off|off|off&#8220; _builder_version=&#8220;4.10.8&#8243; _module_preset=&#8220;default&#8220; header_text_color=&#8220;#FFFFFF&#8220; header_font_size=&#8220;22px&#8220; background_enable_color=&#8220;off&#8220; transform_scale_tablet=&#8220;&#8220; transform_scale_phone=&#8220;&#8220; transform_scale_last_edited=&#8220;on|desktop&#8220; transform_translate=&#8220;0px|40px&#8220; transform_translate_tablet=&#8220;&#8220; transform_translate_phone=&#8220;&#8220; transform_translate_last_edited=&#8220;on|phone&#8220; transform_translate_linked=&#8220;off&#8220; transform_rotate_tablet=&#8220;&#8220; transform_rotate_phone=&#8220;&#8220; transform_rotate_last_edited=&#8220;on|desktop&#8220; transform_skew_tablet=&#8220;&#8220; transform_skew_phone=&#8220;&#8220; transform_skew_last_edited=&#8220;on|desktop&#8220; transform_origin_tablet=&#8220;&#8220; transform_origin_phone=&#8220;&#8220; transform_origin_last_edited=&#8220;on|desktop&#8220; transform_styles_last_edited=&#8220;on|phone&#8220; custom_margin=&#8220;0px|||0px|false|false&#8220; custom_margin_tablet=&#8220;||-20px|0px|false|false&#8220; custom_margin_phone=&#8220;||30px||false|false&#8220; custom_margin_last_edited=&#8220;on|tablet&#8220; header_text_color_tablet=&#8220;&#8220; header_text_color_phone=&#8220;&#8220; header_text_color_last_edited=&#8220;on|desktop&#8220; background_last_edited=&#8220;on|phone&#8220; background_enable_color_phone=&#8220;off&#8220; transform_styles_tablet=&#8220;&#8220; transform_styles_phone=&#8220;&#8220; locked=&#8220;off&#8220; global_colors_info=&#8220;{}&#8220;]<\/p>\n<h1 style=\"text-align: left;\"><span style=\"color: #000000;\">Nach der Ankunft: Design als Scharnier zwischen offener und geschlossener Gesellschaft<\/span><\/h1>\n<p><span style=\"color: #000000;\"><\/span><\/p>\n<p><span style=\"color: #000000;\"><\/span><\/p>\n<p><span style=\"color: #000000;\"><\/span><\/p>\n<h1 style=\"text-align: left;\"><\/h1>\n<p>[\/et_pb_text][et_pb_text admin_label=&#8220;Paragraph&#8220; _builder_version=&#8220;4.10.7&#8243; text_font=&#8220;||||||||&#8220; text_text_color=&#8220;#000000&#8243; text_font_size=&#8220;18px&#8220; header_font=&#8220;||||||||&#8220; header_font_size=&#8220;20px&#8220; header_line_height=&#8220;1.1em&#8220; header_2_font=&#8220;Muli|700|||||||&#8220; header_2_font_size=&#8220;50px&#8220; header_2_line_height=&#8220;1.4em&#8220; max_width_last_edited=&#8220;off|desktop&#8220; module_alignment=&#8220;right&#8220; custom_margin=&#8220;|||&#8220; custom_padding=&#8220;|||&#8220; custom_padding_tablet=&#8220;30px|0px|30px|0px&#8220; custom_padding_phone=&#8220;&#8220; custom_padding_last_edited=&#8220;on|tablet&#8220; header_font_tablet=&#8220;&#8220; header_font_phone=&#8220;&#8220; header_font_last_edited=&#8220;on|desktop&#8220; header_font_size_tablet=&#8220;18px&#8220; header_font_size_phone=&#8220;16px&#8220; header_font_size_last_edited=&#8220;on|tablet&#8220; locked=&#8220;off&#8220; global_colors_info=&#8220;{}&#8220;]<\/p>\n<p>Design greift massiv in unser Alltagsleben ein und beeinflusst ma\u00dfgeblich, <br \/>wer dazu geh\u00f6rt und wer nicht. Ungleichheit und Diskriminierung reproduzieren sich in h\u00f6chstem Ma\u00df durch Design. Nicht selten repr\u00e4sentiert durch einen in sich normativen Blick auf das \u00bbAndere\u00ab, vom vermeintlich Ma\u00dfgeblichen auf das \u00bbExotische\u00ab. Wie stark sich die damit verbundenen Rollenmuster, Hierarchiegef\u00fcge und Machtkonstellationen ins Design einschreiben, wirft auch die Frage auf, welche Rolle Design in Bezug auf gesellschaftliche Teilhabe spielen kann. <br \/>Tom Bieling deckt neue Operationsfelder auf, sich daraus f\u00fcr Designschaffende ergeben und liefert Ankn\u00fcpfungspunkte auch jenseits des Designdiskurses.\u00a0<\/p>\n<p>Dr. Tom Bieling forscht und lehrt am Zentrum f\u00fcr Designforschung der HAW Hamburg, lehrt Designwissenschaft an der HAWK Hildesheim sowie Designtheorie und Designgeschichte in Kairo und Berlin. Er hatte Gastprofessuren f\u00fcr Designforschung an der Universit\u00e4t zu Trient und der German University in Cairo. Am Design Research Lab der Berliner Universit\u00e4t der K\u00fcnste (2010\u20132019) leitete er unter anderem das Forschungscluster Social Design. Zuvor war er Wissenschaftlicher Mitarbeiter an den T-Labs \/ TU Berlin (2007\u20132010). Er ist Mitherausgeber der Buchreihe Design Meanings, Teil des BIRD Board of International Research in Design, Mitbegr\u00fcnder des Design Research Networks, Initiator von Designforschung.org und Mitglied im Wissenschaftlichen Beirat des Instituts Mensch, Ethik und Wissenschaft. Vom Falling Walls Konsortium wurde er zum Young Innovator of the Year gew\u00e4hlt. Seine mehrfach ausgezeichneten Arbeiten werden weltweit ausgestellt.<\/p>\n<p>Zuletzt erschienen: <br \/>\u201eInklusion als Entwurf \u2013 Teilhabeorientierte Forschung \u00fcber, f\u00fcr und durch Design\u201c (Birkh\u00e4user\/DeGruyter, 2019), <br \/>\u201eDesign (&amp;) Activism\u201c (Mimesis, 2019) und \u201eGender (&amp;) Design\u201c (2020). <a href=\"http:\/\/www.tombieling.com\">www.tombieling.com<\/a><\/p>\n<h1><\/h1>\n<h1><\/h1>\n<p>[\/et_pb_text][et_pb_button button_url=&#8220;http:\/\/ankommen-ohne-worte.de\/anmeldung&#8220; button_text=&#8220;Jetzt anmelden&#8220; disabled_on=&#8220;off|off|on&#8220; _builder_version=&#8220;4.10.8&#8243; _module_preset=&#8220;default&#8220; custom_button=&#8220;on&#8220; button_text_color=&#8220;#00e6ff&#8220; button_border_color=&#8220;#00e6ff&#8220; locked=&#8220;off&#8220; global_colors_info=&#8220;{}&#8220;][\/et_pb_button][\/et_pb_column][\/et_pb_row][\/et_pb_section]<\/p>\n","protected":false},"excerpt":{"rendered":"<p>Symposium &nbsp;Tom Bieling Samstag, 14.45 \u2013 15.30Design als Scharnier zwischen offener und geschlossener Gesellschaft &nbsp;Nach der Ankunft: Design als Scharnier zwischen offener und geschlossener Gesellschaft Design greift massiv in unser Alltagsleben ein und beeinflusst ma\u00dfgeblich, wer dazu geh\u00f6rt und wer nicht. Ungleichheit und Diskriminierung reproduzieren sich in h\u00f6chstem Ma\u00df durch Design. Nicht selten repr\u00e4sentiert durch [&hellip;]<\/p>\n","protected":false},"author":1,"featured_media":0,"parent":0,"menu_order":0,"comment_status":"closed","ping_status":"closed","template":"","meta":{"_et_pb_use_builder":"on","_et_pb_old_content":"","_et_gb_content_width":"","footnotes":""},"class_list":["post-161","page","type-page","status-publish","hentry"],"_links":{"self":[{"href":"https:\/\/ankommen-ohne-worte.de\/en\/wp-json\/wp\/v2\/pages\/161","targetHints":{"allow":["GET"]}}],"collection":[{"href":"https:\/\/ankommen-ohne-worte.de\/en\/wp-json\/wp\/v2\/pages"}],"about":[{"href":"https:\/\/ankommen-ohne-worte.de\/en\/wp-json\/wp\/v2\/types\/page"}],"author":[{"embeddable":true,"href":"https:\/\/ankommen-ohne-worte.de\/en\/wp-json\/wp\/v2\/users\/1"}],"replies":[{"embeddable":true,"href":"https:\/\/ankommen-ohne-worte.de\/en\/wp-json\/wp\/v2\/comments?post=161"}],"version-history":[{"count":18,"href":"https:\/\/ankommen-ohne-worte.de\/en\/wp-json\/wp\/v2\/pages\/161\/revisions"}],"predecessor-version":[{"id":637,"href":"https:\/\/ankommen-ohne-worte.de\/en\/wp-json\/wp\/v2\/pages\/161\/revisions\/637"}],"wp:attachment":[{"href":"https:\/\/ankommen-ohne-worte.de\/en\/wp-json\/wp\/v2\/media?parent=161"}],"curies":[{"name":"wp","href":"https:\/\/api.w.org\/{rel}","templated":true}]}}