{"id":235,"date":"2021-09-30T20:04:24","date_gmt":"2021-09-30T20:04:24","guid":{"rendered":"http:\/\/ankommen-ohne-worte.de\/?page_id=235"},"modified":"2021-10-02T10:03:50","modified_gmt":"2021-10-02T10:03:50","slug":"rebecca-pates-2","status":"publish","type":"page","link":"https:\/\/ankommen-ohne-worte.de\/en\/rebecca-pates-2","title":{"rendered":"Rebecca Pates"},"content":{"rendered":"<p>[et_pb_section fb_built=&#8220;1&#8243; admin_label=&#8220;Header Section&#8220; _builder_version=&#8220;4.10.7&#8243; use_background_color_gradient=&#8220;on&#8220; background_color_gradient_start=&#8220;#474747&#8243; background_color_gradient_end=&#8220;rgba(233,240,246,0.2)&#8220; background_color_gradient_overlays_image=&#8220;on&#8220; background_image=&#8220;http:\/\/ankommen-ohne-worte.de\/wp-content\/uploads\/2021\/09\/Plakatentwurf-Arrival-blue-Websmall.png&#8220; min_height=&#8220;621px&#8220; custom_margin=&#8220;||-230px||false|false&#8220; custom_margin_tablet=&#8220;0px||-260px||false|false&#8220; custom_margin_phone=&#8220;0px||-350px||false|false&#8220; custom_margin_last_edited=&#8220;on|desktop&#8220; custom_padding=&#8220;10%||0%||false|false&#8220; global_colors_info=&#8220;{}&#8220;][et_pb_row custom_padding_last_edited=&#8220;off|desktop&#8220; admin_label=&#8220;Header Row&#8220; _builder_version=&#8220;3.25&#8243; custom_margin=&#8220;|||&#8220; custom_padding=&#8220;2px||0px|||&#8220; custom_padding_phone=&#8220;3vw|||&#8220; global_colors_info=&#8220;{}&#8220;][et_pb_column type=&#8220;4_4&#8243; _builder_version=&#8220;3.25&#8243; custom_padding=&#8220;|||&#8220; global_colors_info=&#8220;{}&#8220; custom_padding__hover=&#8220;|||&#8220;][et_pb_text admin_label=&#8220;Heading &#038; Subheading&#8220; _builder_version=&#8220;4.10.8&#8243; text_font=&#8220;|600|||||||&#8220; text_font_size=&#8220;-2px&#8220; text_line_height=&#8220;1.8em&#8220; header_font=&#8220;|700||on|||||&#8220; header_font_size=&#8220;70px&#8220; header_line_height=&#8220;1.4em&#8220; header_2_font=&#8220;||||||||&#8220; text_orientation=&#8220;center&#8220; max_width=&#8220;800px&#8220; max_width_last_edited=&#8220;off|desktop&#8220; module_alignment=&#8220;center&#8220; custom_margin=&#8220;|||&#8220; custom_padding=&#8220;|||&#8220; custom_padding_last_edited=&#8220;off|desktop&#8220; animation_style=&#8220;fade&#8220; hover_enabled=&#8220;0&#8243; text_text_color_tablet=&#8220;&#8220; text_text_color_phone=&#8220;&#8220; text_text_color_last_edited=&#8220;on|phone&#8220; header_font_tablet=&#8220;&#8220; header_font_phone=&#8220;&#8220; header_font_last_edited=&#8220;on|tablet&#8220; header_font_size_tablet=&#8220;&#8220; header_font_size_phone=&#8220;40px&#8220; header_font_size_last_edited=&#8220;on|desktop&#8220; global_colors_info=&#8220;{}&#8220; sticky_enabled=&#8220;0&#8243;]<\/p>\n<h1><span style=\"color: #00e6ff;\">Symposium\u00a0<\/span><\/h1>\n<p>&nbsp;<\/p>\n<p>[\/et_pb_text][\/et_pb_column][\/et_pb_row][\/et_pb_section][et_pb_section fb_built=&#8220;1&#8243; admin_label=&#8220;Contact Section&#8220; _builder_version=&#8220;4.10.7&#8243; background_color=&#8220;#e9f0f6&#8243; custom_margin=&#8220;10px||||false|false&#8220; custom_margin_tablet=&#8220;0px||||false|false&#8220; custom_margin_phone=&#8220;&#8220; custom_margin_last_edited=&#8220;on|phone&#8220; custom_padding=&#8220;20px|0px|100px|0px|false|false&#8220; global_colors_info=&#8220;{}&#8220;][et_pb_row column_structure=&#8220;1_3,2_3&#8243; admin_label=&#8220;Message Row&#8220; _builder_version=&#8220;3.25&#8243; custom_padding=&#8220;6px|||||&#8220; global_colors_info=&#8220;{}&#8220;][et_pb_column type=&#8220;1_3&#8243; _builder_version=&#8220;3.25&#8243; custom_padding=&#8220;|||&#8220; global_colors_info=&#8220;{}&#8220; custom_padding__hover=&#8220;|||&#8220;][et_pb_text admin_label=&#8220;Title&#8220; _builder_version=&#8220;4.10.8&#8243; text_font=&#8220;Muli|600|||||||&#8220; text_text_color=&#8220;#737373&#8243; text_font_size=&#8220;18px&#8220; header_font=&#8220;||||||||&#8220; header_2_font=&#8220;|700|||||||&#8220; header_2_text_align=&#8220;left&#8220; header_2_font_size=&#8220;30px&#8220; header_2_line_height=&#8220;1.4em&#8220; max_width_last_edited=&#8220;off|desktop&#8220; custom_margin=&#8220;||0px||false|false&#8220; custom_margin_tablet=&#8220;|||0px|false|false&#8220; custom_margin_phone=&#8220;&#8220; custom_margin_last_edited=&#8220;on|tablet&#8220; custom_padding=&#8220;|||&#8220; custom_padding_tablet=&#8220;|||120px|false|false&#8220; custom_padding_phone=&#8220;|||50px|false|false&#8220; custom_padding_last_edited=&#8220;on|phone&#8220; hover_enabled=&#8220;0&#8243; header_2_font_size_tablet=&#8220;40px&#8220; header_2_font_size_phone=&#8220;20px&#8220; header_2_font_size_last_edited=&#8220;on|desktop&#8220; global_colors_info=&#8220;{}&#8220; sticky_enabled=&#8220;0&#8243;]<\/p>\n<h2><span>Rebecca Pates<\/span><\/h2>\n<p><span><\/span><\/p>\n<p>[\/et_pb_text][et_pb_image src=&#8220;http:\/\/ankommen-ohne-worte.de\/wp-content\/uploads\/2021\/09\/Rebecca-Pates-scaled.jpeg&#8220; title_text=&#8220;Rebecca Pates&#8220; _builder_version=&#8220;4.10.8&#8243; _module_preset=&#8220;default&#8220; transform_scale_tablet=&#8220;60%|60%&#8220; transform_scale_phone=&#8220;70%|70%&#8220; transform_scale_last_edited=&#8220;on|desktop&#8220; transform_translate_tablet=&#8220;&#8220; transform_translate_phone=&#8220;&#8220; transform_translate_last_edited=&#8220;on|tablet&#8220; transform_rotate_tablet=&#8220;&#8220; transform_rotate_phone=&#8220;&#8220; transform_rotate_last_edited=&#8220;on|tablet&#8220; transform_skew_tablet=&#8220;&#8220; transform_skew_phone=&#8220;&#8220; transform_skew_last_edited=&#8220;on|tablet&#8220; transform_origin_tablet=&#8220;&#8220; transform_origin_phone=&#8220;&#8220; transform_origin_last_edited=&#8220;on|tablet&#8220; transform_styles_last_edited=&#8220;on|desktop&#8220; custom_margin_tablet=&#8220;-80px||-30px||false|false&#8220; custom_margin_phone=&#8220;-40px||0px||false|false&#8220; custom_margin_last_edited=&#8220;on|desktop&#8220; transform_styles_tablet=&#8220;&#8220; transform_styles_phone=&#8220;&#8220; border_radii=&#8220;on|8px|8px|8px|8px&#8220; border_width_all=&#8220;2px&#8220; border_color_all=&#8220;#FFFFFF&#8220; box_shadow_style=&#8220;preset1&#8243; global_colors_info=&#8220;{}&#8220;][\/et_pb_image][et_pb_text _builder_version=&#8220;4.10.8&#8243; _module_preset=&#8220;default&#8220; global_colors_info=&#8220;{}&#8220;]<\/p>\n<p><strong>Samstag, 11.00 \u2013 11.45<\/strong><br \/><span>Post-Migrantische Gesellschaft im Kontext von Flucht &amp; Vertreibung <\/span><span>\u00a0<\/span><\/p>\n<p>&nbsp;<\/p>\n<p>[\/et_pb_text][et_pb_button button_url=&#8220;http:\/\/ankommen-ohne-worte.de\/anmeldung&#8220; button_text=&#8220;Jetzt anmelden&#8220; disabled_on=&#8220;on|on|off&#8220; _builder_version=&#8220;4.10.8&#8243; _module_preset=&#8220;default&#8220; custom_button=&#8220;on&#8220; button_text_color=&#8220;#00e6ff&#8220; button_border_color=&#8220;#00e6ff&#8220; global_colors_info=&#8220;{}&#8220;][\/et_pb_button][\/et_pb_column][et_pb_column type=&#8220;2_3&#8243; _builder_version=&#8220;3.25&#8243; custom_padding=&#8220;|||&#8220; global_colors_info=&#8220;{}&#8220; custom_padding__hover=&#8220;|||&#8220;][et_pb_text disabled_on=&#8220;off|off|off&#8220; _builder_version=&#8220;4.10.7&#8243; _module_preset=&#8220;default&#8220; header_text_color=&#8220;#FFFFFF&#8220; header_font_size=&#8220;22px&#8220; background_enable_color=&#8220;off&#8220; transform_scale_tablet=&#8220;&#8220; transform_scale_phone=&#8220;&#8220; transform_scale_last_edited=&#8220;on|desktop&#8220; transform_translate=&#8220;0px|40px&#8220; transform_translate_tablet=&#8220;&#8220; transform_translate_phone=&#8220;&#8220; transform_translate_last_edited=&#8220;on|phone&#8220; transform_translate_linked=&#8220;off&#8220; transform_rotate_tablet=&#8220;&#8220; transform_rotate_phone=&#8220;&#8220; transform_rotate_last_edited=&#8220;on|desktop&#8220; transform_skew_tablet=&#8220;&#8220; transform_skew_phone=&#8220;&#8220; transform_skew_last_edited=&#8220;on|desktop&#8220; transform_origin_tablet=&#8220;&#8220; transform_origin_phone=&#8220;&#8220; transform_origin_last_edited=&#8220;on|desktop&#8220; transform_styles_last_edited=&#8220;on|phone&#8220; custom_margin=&#8220;0px|||0px|false|false&#8220; custom_margin_tablet=&#8220;||-20px|0px|false|false&#8220; custom_margin_phone=&#8220;||30px||false|false&#8220; custom_margin_last_edited=&#8220;on|tablet&#8220; header_text_color_tablet=&#8220;&#8220; header_text_color_phone=&#8220;&#8220; header_text_color_last_edited=&#8220;on|desktop&#8220; background_last_edited=&#8220;on|phone&#8220; background_enable_color_phone=&#8220;off&#8220; transform_styles_tablet=&#8220;&#8220; transform_styles_phone=&#8220;&#8220; locked=&#8220;off&#8220; global_colors_info=&#8220;{}&#8220;]<\/p>\n<h1 style=\"text-align: left;\"><span style=\"color: #000000;\">\u201cPost-migrantische Gesellschaft im Kontext von Flucht und Vertreibung\u201d<\/span><\/h1>\n<p><span style=\"color: #000000;\"><\/span><\/p>\n<p><span style=\"color: #000000;\"><\/span><\/p>\n<p><span style=\"color: #000000;\"><\/span><\/p>\n<h1 style=\"text-align: left;\"><\/h1>\n<p>[\/et_pb_text][et_pb_text admin_label=&#8220;Paragraph&#8220; _builder_version=&#8220;4.10.7&#8243; text_font=&#8220;||||||||&#8220; text_text_color=&#8220;#000000&#8243; text_font_size=&#8220;18px&#8220; header_font=&#8220;||||||||&#8220; header_font_size=&#8220;20px&#8220; header_line_height=&#8220;1.1em&#8220; header_2_font=&#8220;Muli|700|||||||&#8220; header_2_font_size=&#8220;50px&#8220; header_2_line_height=&#8220;1.4em&#8220; max_width_last_edited=&#8220;off|desktop&#8220; module_alignment=&#8220;right&#8220; custom_margin=&#8220;|||&#8220; custom_padding=&#8220;|||&#8220; custom_padding_tablet=&#8220;30px|0px|30px|0px&#8220; custom_padding_phone=&#8220;&#8220; custom_padding_last_edited=&#8220;on|tablet&#8220; header_font_tablet=&#8220;&#8220; header_font_phone=&#8220;&#8220; header_font_last_edited=&#8220;on|desktop&#8220; header_font_size_tablet=&#8220;18px&#8220; header_font_size_phone=&#8220;16px&#8220; header_font_size_last_edited=&#8220;on|tablet&#8220; locked=&#8220;off&#8220; global_colors_info=&#8220;{}&#8220;]<\/p>\n<p>In Staaten, die auf universalistische Wohlfahrtsprinzipien ausgerichtet sind, wird \u00fcber Migration gestritten, weil Migrant*innen dort als Trittbrettfahrer*innen gelesen werden k\u00f6nnen (Manow 2018). \u00dcber Migration entscheidet jedoch der Bundestag. Im Vorlauf der Bundestagswahlen im Jahr 2021 wird die Repr\u00e4sentativ\u00e4t des Bundestagstages angezweifelt (Pates \/ Oguzhan i.E.): Es fehlten unter anderem Frauen, Migrant*innen, Atheist*innen, Arbeitslose, Prekarisierte, Menschen ohne Hochschulabschluss. Was f\u00fcr Konzeptionen der Zugeh\u00f6rigkeit werden dabei artikuliert? Wer wird als zugeh\u00f6rig gelesen, wer nicht? Wessen \u201eFehlen\u201c wird warum bemerkt?<\/p>\n<p>Prof. Dr. Rebecca Pates lehrt als Professorin im Bereich Identit\u00e4t und Repr\u00e4sentation an der Universit\u00e4t Leipzig. Sie wurde 2020 als Mitglied in die Academia Europae aufgenommen. Zuletzt hat sie (mit Julia Leser) das Buch \u201eThe Wolves are Coming Back. The Politics of Fear in Eastern Germany\u201c bei Manchester University Press ver\u00f6ffentlicht. Dieser Vortrag basiert auf einem Forschungsprojekt: Diversity und Bundestag. Eine funktionalistische Analyse von Diversit\u00e4ts- und Repr\u00e4sentationskonzepten zur Bundestagswahl 2021.<\/p>\n<h1><\/h1>\n<h1><\/h1>\n<p>[\/et_pb_text][et_pb_button button_url=&#8220;http:\/\/ankommen-ohne-worte.de\/anmeldung&#8220; button_text=&#8220;Jetzt anmelden&#8220; disabled_on=&#8220;off|off|on&#8220; _builder_version=&#8220;4.10.8&#8243; _module_preset=&#8220;default&#8220; custom_button=&#8220;on&#8220; button_text_color=&#8220;#00e6ff&#8220; button_border_color=&#8220;#00e6ff&#8220; locked=&#8220;off&#8220; global_colors_info=&#8220;{}&#8220;][\/et_pb_button][\/et_pb_column][\/et_pb_row][\/et_pb_section]<\/p>\n","protected":false},"excerpt":{"rendered":"<p>Symposium\u00a0 &nbsp;Rebecca Pates Samstag, 11.00 \u2013 11.45Post-Migrantische Gesellschaft im Kontext von Flucht &amp; Vertreibung \u00a0 &nbsp;\u201cPost-migrantische Gesellschaft im Kontext von Flucht und Vertreibung\u201d In Staaten, die auf universalistische Wohlfahrtsprinzipien ausgerichtet sind, wird \u00fcber Migration gestritten, weil Migrant*innen dort als Trittbrettfahrer*innen gelesen werden k\u00f6nnen (Manow 2018). \u00dcber Migration entscheidet jedoch der Bundestag. Im Vorlauf der Bundestagswahlen [&hellip;]<\/p>\n","protected":false},"author":1,"featured_media":0,"parent":0,"menu_order":0,"comment_status":"closed","ping_status":"closed","template":"","meta":{"_et_pb_use_builder":"on","_et_pb_old_content":"","_et_gb_content_width":"","footnotes":""},"class_list":["post-235","page","type-page","status-publish","hentry"],"_links":{"self":[{"href":"https:\/\/ankommen-ohne-worte.de\/en\/wp-json\/wp\/v2\/pages\/235","targetHints":{"allow":["GET"]}}],"collection":[{"href":"https:\/\/ankommen-ohne-worte.de\/en\/wp-json\/wp\/v2\/pages"}],"about":[{"href":"https:\/\/ankommen-ohne-worte.de\/en\/wp-json\/wp\/v2\/types\/page"}],"author":[{"embeddable":true,"href":"https:\/\/ankommen-ohne-worte.de\/en\/wp-json\/wp\/v2\/users\/1"}],"replies":[{"embeddable":true,"href":"https:\/\/ankommen-ohne-worte.de\/en\/wp-json\/wp\/v2\/comments?post=235"}],"version-history":[{"count":9,"href":"https:\/\/ankommen-ohne-worte.de\/en\/wp-json\/wp\/v2\/pages\/235\/revisions"}],"predecessor-version":[{"id":557,"href":"https:\/\/ankommen-ohne-worte.de\/en\/wp-json\/wp\/v2\/pages\/235\/revisions\/557"}],"wp:attachment":[{"href":"https:\/\/ankommen-ohne-worte.de\/en\/wp-json\/wp\/v2\/media?parent=235"}],"curies":[{"name":"wp","href":"https:\/\/api.w.org\/{rel}","templated":true}]}}