{"id":239,"date":"2021-09-30T20:07:01","date_gmt":"2021-09-30T20:07:01","guid":{"rendered":"http:\/\/ankommen-ohne-worte.de\/?page_id=239"},"modified":"2021-10-13T14:47:54","modified_gmt":"2021-10-13T14:47:54","slug":"programm","status":"publish","type":"page","link":"https:\/\/ankommen-ohne-worte.de\/en\/programm","title":{"rendered":"Online Symposium"},"content":{"rendered":"<p>[et_pb_section fb_built=&#8220;1&#8243; admin_label=&#8220;CTA Section&#8220; _builder_version=&#8220;4.10.8&#8243; background_color=&#8220;#000000&#8243; custom_padding=&#8220;0px||100px|||&#8220; global_colors_info=&#8220;{}&#8220;][et_pb_row use_custom_gutter=&#8220;on&#8220; admin_label=&#8220;CTA Row&#8220; _builder_version=&#8220;4.10.8&#8243; custom_margin=&#8220;|||&#8220; custom_padding=&#8220;|||&#8220; locked=&#8220;off&#8220; global_colors_info=&#8220;{}&#8220;][et_pb_column type=&#8220;4_4&#8243; _builder_version=&#8220;3.25&#8243; custom_padding=&#8220;|||&#8220; global_colors_info=&#8220;{}&#8220; custom_padding__hover=&#8220;|||&#8220;][et_pb_text disabled_on=&#8220;off|off|off&#8220; _builder_version=&#8220;4.10.8&#8243; _module_preset=&#8220;default&#8220; header_text_color=&#8220;#FFFFFF&#8220; header_font_size=&#8220;45px&#8220; background_enable_color=&#8220;off&#8220; transform_scale_tablet=&#8220;&#8220; transform_scale_phone=&#8220;&#8220; transform_scale_last_edited=&#8220;on|desktop&#8220; transform_translate=&#8220;0px|40px&#8220; transform_translate_tablet=&#8220;&#8220; transform_translate_phone=&#8220;&#8220; transform_translate_last_edited=&#8220;on|phone&#8220; transform_translate_linked=&#8220;off&#8220; transform_rotate_tablet=&#8220;&#8220; transform_rotate_phone=&#8220;&#8220; transform_rotate_last_edited=&#8220;on|desktop&#8220; transform_skew_tablet=&#8220;&#8220; transform_skew_phone=&#8220;&#8220; transform_skew_last_edited=&#8220;on|desktop&#8220; transform_origin_tablet=&#8220;&#8220; transform_origin_phone=&#8220;&#8220; transform_origin_last_edited=&#8220;on|desktop&#8220; transform_styles_last_edited=&#8220;on|phone&#8220; custom_margin=&#8220;|||0px|false|false&#8220; custom_margin_tablet=&#8220;||-20px|0px|false|false&#8220; custom_margin_phone=&#8220;||30px||false|false&#8220; custom_margin_last_edited=&#8220;on|desktop&#8220; header_font_tablet=&#8220;&#8220; header_font_phone=&#8220;&#8220; header_font_last_edited=&#8220;on|desktop&#8220; header_text_color_tablet=&#8220;&#8220; header_text_color_phone=&#8220;&#8220; header_text_color_last_edited=&#8220;on|desktop&#8220; header_font_size_tablet=&#8220;&#8220; header_font_size_phone=&#8220;&#8220; header_font_size_last_edited=&#8220;on|phone&#8220; background_color_phone=&#8220;rgba(0,0,0,0.26)&#8220; background_last_edited=&#8220;on|phone&#8220; background_enable_color_phone=&#8220;on&#8220; transform_styles_tablet=&#8220;&#8220; transform_styles_phone=&#8220;&#8220; locked=&#8220;off&#8220; global_colors_info=&#8220;{}&#8220;]<\/p>\n<h1 style=\"text-align: left;\"><span style=\"font-size: xx-large;\"><span style=\"color: #00e6ff;\"><b>PROGRAMM<\/b><\/span><\/span><\/h1>\n<p>&nbsp;<\/p>\n<h1 style=\"text-align: right;\"><\/h1>\n<p>[\/et_pb_text][et_pb_text disabled_on=&#8220;off|off|off&#8220; _builder_version=&#8220;4.10.8&#8243; _module_preset=&#8220;default&#8220; custom_margin=&#8220;0px||||false|false&#8220; custom_padding=&#8220;30px||||false|false&#8220; border_width_right=&#8220;1px&#8220; border_color_right=&#8220;#FFFFFF&#8220; global_colors_info=&#8220;{}&#8220;]<\/p>\n<p><span style=\"color: #ffe600;\"><strong>Freitag, 22.10.21<br \/>Ankommen &#8211; Ohne Worte. Reflexionen \u00fcber &#8222;The Arrival&#8220;<\/strong><\/span><\/p>\n<p><span style=\"color: #ffffff;\"><strong>10.00<\/strong> Begr\u00fc\u00dfung<\/span><\/p>\n<p><span style=\"color: #ffffff;\"><\/span><\/p>\n<p><span style=\"color: #ffffff;\"><\/span><\/p>\n<p><span style=\"color: #00e6ff;\"><strong>Auftakt: The Arrival<\/strong><\/span><\/p>\n<p>[\/et_pb_text][et_pb_text _builder_version=&#8220;4.10.8&#8243; _module_preset=&#8220;default&#8220; link_option_url=&#8220;http:\/\/ankommen-ohne-worte.de\/shaun-tan?et_fb=1&#038;PageSpeed=off&#8220; global_colors_info=&#8220;{}&#8220;]<\/p>\n<p><strong><span style=\"color: #ffffff;\">10.15 \u2013 11.15 <\/span><\/strong><br \/><span style=\"color: #ffffff;\">Shaun Tan und Jir\u00e9 Emine G\u00f6zen:<br \/>A Conversation with Shaun Tan \/ Ein Gespr\u00e4ch mit Shaun Tan \u00fcber &#8222;The Arrival&#8220; (en)<\/span><\/p>\n<p>[\/et_pb_text][et_pb_text _builder_version=&#8220;4.10.8&#8243; _module_preset=&#8220;default&#8220; link_option_url=&#8220;http:\/\/ankommen-ohne-worte.de\/bidisha-banerjee-2&#8243; global_colors_info=&#8220;{}&#8220;]<\/p>\n<p><span style=\"color: #ffffff;\"><strong>11.30 \u2013 12.15<\/strong><br \/>Bidisha Banerjee (Educational University of Hong Kong):<br \/>Hong Kong Reads Shaun Tan &#8211; A One City One Book Project (en)<\/span><\/p>\n<p>[\/et_pb_text][et_pb_text _builder_version=&#8220;4.10.8&#8243; _module_preset=&#8220;default&#8220; link_option_url=&#8220;http:\/\/ankommen-ohne-worte.de\/emma-h-zhang&#8220; global_colors_info=&#8220;{}&#8220;]<\/p>\n<p><strong><span style=\"color: #ffffff;\">12.15 \u2013 13.00 <\/span><\/strong><br \/><span style=\"color: #ffffff;\">Emma Zhang (Hong Kong Baptist University):<br \/>After Arrival &#8211; Representations of immigration in Shaun Tan\u2019s The Arrival (2011) and Cicada (2018) (en)<\/span><\/p>\n<p>[\/et_pb_text][et_pb_text _builder_version=&#8220;4.10.7&#8243; _module_preset=&#8220;default&#8220; global_colors_info=&#8220;{}&#8220;]<\/p>\n<p><span style=\"color: #ffffff;\"><strong>13.00 \u2013 14.00 <\/strong>Pause<\/span><\/p>\n<p><span style=\"color: #ffffff;\"><strong><\/strong><\/span><\/p>\n<p><span style=\"color: #ffffff;\"><strong><\/strong><\/span><\/p>\n<p><strong><span style=\"color: #00e6ff;\">Visualisierung und Sprache von und \u00fcber Flucht, Migration und Ankunft<\/span><\/strong><\/p>\n<p>[\/et_pb_text][et_pb_text _builder_version=&#8220;4.10.8&#8243; _module_preset=&#8220;default&#8220; link_option_url=&#8220;http:\/\/ankommen-ohne-worte.de\/oemer-alkin&#8220; global_colors_info=&#8220;{}&#8220;]<\/p>\n<p><strong><span style=\"color: #ffffff;\">14.00 \u2013 14.45 <\/span><\/strong><br \/><span style=\"color: #ffffff;\">\u00d6mer Alkin (Philipps-Universit\u00e4t Marburg):<br \/>Zur visuellen Kultur der Migration (deu)<\/span><\/p>\n<p>[\/et_pb_text][et_pb_text _builder_version=&#8220;4.10.8&#8243; _module_preset=&#8220;default&#8220; link_option_url=&#8220;http:\/\/ankommen-ohne-worte.de\/gora-jain&#8220; global_colors_info=&#8220;{}&#8220;]<\/p>\n<p><strong><span style=\"color: #ffffff;\">14.45 \u2013 15.30 <\/span><\/strong><br \/><span style=\"color: #ffffff;\">Gora Jain (UE Hamburg): <br \/>&#8218;Auf ein Wort&#8216; \u2013 Die Sprache der Kunst zwischen gelebter und nacherlebter Erfahrung (deu)<\/span><\/p>\n<p>[\/et_pb_text][et_pb_text _builder_version=&#8220;4.10.8&#8243; _module_preset=&#8220;default&#8220; link_option_url=&#8220;http:\/\/ankommen-ohne-worte.de\/jire-emine-goezen&#8220; global_colors_info=&#8220;{}&#8220;]<\/p>\n<p><strong><span style=\"color: #ffffff;\">15.45 \u2013 16.30 <\/span><\/strong><br \/><span style=\"color: #ffffff;\">Jir\u00e9 Emine G\u00f6zen (UE Hamburg):<br \/>\u201eVon einer Sprache der die Worte fehlen\u201c.<br \/>Zum Zusammenbruch und der R\u00fcckeroberung der privaten Welt im Kontext von Flucht und Migration (deu)<\/span><\/p>\n<p>[\/et_pb_text][et_pb_text _builder_version=&#8220;4.11.1&#8243; _module_preset=&#8220;default&#8220; custom_padding=&#8220;0px|||||&#8220; locked=&#8220;off&#8220; global_colors_info=&#8220;{}&#8220;]<\/p>\n<p><span style=\"color: #ffffff;\"><strong>16.30 \u2013 18.00 <\/strong>Pause<\/span><\/p>\n<p><span style=\"color: #ffffff;\"><strong><\/strong><\/span><\/p>\n<p><span style=\"color: #ff00e6;\"><strong>18.<\/strong><\/span><span style=\"color: #ff00e6;\"><strong>00<\/strong> <strong>Er\u00f6ffnung der Ausstellung:<br \/>Ankommen &#8211; Ohne Worte.\u00a0 <\/strong><strong>Variationen \u00fcber &#8222;The Arrival&#8220;<br \/><\/strong>Begr\u00fc\u00dfung und Einf\u00fchrung im Altonaer Museum<br \/>Museumstra\u00dfe, 23 &#8211; 22765 Hamburg<\/span><\/p>\n<p><span style=\"color: #ff00e6;\"><\/span><\/p>\n<p><span style=\"color: #00e6ff;\"><\/span><\/p>\n<p><span style=\"color: #00e6ff;\"><\/span><\/p>\n<p><span style=\"color: #ffe600;\"><strong>Samstag, 23.10.21<br \/>Kontexte von Flucht, Migration und Ankunft<\/strong><\/span><\/p>\n<p><span style=\"color: #ffffff;\"><strong>10.00 <\/strong>Begr\u00fc\u00dfung<\/span><\/p>\n<p><span style=\"color: #ffffff;\"><strong><\/strong><\/span><\/p>\n<p><span style=\"color: #ffffff;\"><strong><\/strong><\/span><\/p>\n<p><strong><span style=\"color: #00e6ff;\">Realit\u00e4t und Herausforderung<\/span><\/strong><\/p>\n<p>[\/et_pb_text][et_pb_text _builder_version=&#8220;4.10.8&#8243; _module_preset=&#8220;default&#8220; link_option_url=&#8220;http:\/\/ankommen-ohne-worte.de\/michael-wilk-2&#8243; locked=&#8220;off&#8220; global_colors_info=&#8220;{}&#8220;]<\/p>\n<p><strong><span style=\"color: #ffffff;\">10.15 \u2013 11.00 <\/span><\/strong><br \/><span style=\"color: #ffffff;\">Michael Wilk (Notarzt, Autor):<br \/>Flucht und Vertreibung. Der Krieg in Syrien (deu)<\/span><\/p>\n<p>[\/et_pb_text][et_pb_text _builder_version=&#8220;4.10.8&#8243; _module_preset=&#8220;default&#8220; link_option_url=&#8220;http:\/\/ankommen-ohne-worte.de\/rebecca-pates-2&#8243; global_colors_info=&#8220;{}&#8220;]<\/p>\n<p><strong><span style=\"color: #ffffff;\">11.00 \u2013 11.45 <\/span><\/strong><br \/><span style=\"color: #ffffff;\">Rebecca Pates (Universit\u00e4t Leipzig):<br \/>Post-Migrantische Gesellschaft im Kontext von Flucht &amp; Vertreibung (deu)<\/span><\/p>\n<p>[\/et_pb_text][et_pb_text _builder_version=&#8220;4.11.1&#8243; _module_preset=&#8220;default&#8220; custom_padding=&#8220;||0px|||&#8220; link_option_url=&#8220;http:\/\/ankommen-ohne-worte.de\/moshe-zimmermann&#8220; locked=&#8220;off&#8220; global_colors_info=&#8220;{}&#8220;]<\/p>\n<p><strong><span style=\"color: #ffffff;\">12.00 \u2013 12.45 <\/span><\/strong><br \/><span style=\"color: #ffffff;\">Moshe Zimmermann (<\/span><span style=\"font-size: 14px; color: #ffffff;\">Hebr\u00e4ische Universit\u00e4t Jerusalem)<\/span><span style=\"color: #ffffff; font-size: 14px;\">:<br \/><\/span><span style=\"color: #ffffff; font-size: 14px;\">Das Zweischneidige der neuen Heimat (deu)<\/span><\/p>\n<p>[\/et_pb_text][et_pb_text _builder_version=&#8220;4.10.7&#8243; _module_preset=&#8220;default&#8220; global_colors_info=&#8220;{}&#8220;]<\/p>\n<p><span style=\"color: #ffffff;\"><strong>13.00 \u2013 14.00 <\/strong>Pause<\/span><\/p>\n<p><span style=\"color: #ffffff;\"><strong><\/strong><\/span><\/p>\n<p><span style=\"color: #ffffff;\"><strong><\/strong><\/span><\/p>\n<p><strong><span style=\"color: #00e6ff;\">Stadt und Design<\/span><\/strong><\/p>\n<p>[\/et_pb_text][et_pb_text _builder_version=&#8220;4.10.8&#8243; _module_preset=&#8220;default&#8220; link_option_url=&#8220;http:\/\/ankommen-ohne-worte.de\/louise-rouse&#8220; global_colors_info=&#8220;{}&#8220;]<\/p>\n<p><strong><span style=\"color: #ffffff;\">14.00 \u2013 14.45 <\/span><\/strong><br \/><span style=\"color: #ffffff;\">Louise Rouse (Geidai Tokyo National University of the Arts):<br \/>Invisible Cities (en)<\/span><\/p>\n<p>[\/et_pb_text][et_pb_text _builder_version=&#8220;4.11.1&#8243; _module_preset=&#8220;default&#8220; link_option_url=&#8220;http:\/\/ankommen-ohne-worte.de\/tom-bieling&#8220; global_colors_info=&#8220;{}&#8220;]<\/p>\n<p><strong><span style=\"color: #ffffff;\">14.45 \u2013 15.30 <\/span><\/strong><br \/><span style=\"color: #ffffff;\">Tom Bieling (Universit\u00e4t der K\u00fcnste Berlin):<br \/>Nach der Ankunft \u2013 Design als Scharnier zwischen offener und geschlossener Gesellschaft (deu)<\/span><\/p>\n<p>[\/et_pb_text][et_pb_text _builder_version=&#8220;4.10.8&#8243; _module_preset=&#8220;default&#8220; global_colors_info=&#8220;{}&#8220;]<\/p>\n<p><span style=\"color: #00e6ff;\"><strong><\/strong><\/span><\/p>\n<div><strong><span style=\"color: #00e6ff;\">Zugang zur Institution:<\/span><\/strong><\/div>\n<div>\n<p><span style=\"color: white; font-family: Open Sans,Arial,sans-serif;\"><span>Die Rolle von Kunsthochschulen und gestalterischen Studieng\u00e4ngen (deu)<\/span><\/span><span style=\"font-size: 14px;\">\u00a0<\/span><\/p>\n<p><span style=\"color: #ffffff;\"><\/span><\/p>\n<\/div>\n<p>[\/et_pb_text][et_pb_text _builder_version=&#8220;4.11.1&#8243; _module_preset=&#8220;default&#8220; link_option_url=&#8220;http:\/\/ankommen-ohne-worte.de\/katrin-koeppert&#8220; hover_enabled=&#8220;0&#8243; locked=&#8220;off&#8220; global_colors_info=&#8220;{}&#8220; sticky_enabled=&#8220;0&#8243;]<\/p>\n<div><span style=\"color: white; font-family: Open Sans,Arial,sans-serif;\"><span><\/span><\/span><\/div>\n<div><strong><span style=\"color: #ffffff;\">15.45 \u2013 16.45<br \/><\/span><\/strong><span style=\"color: #ffffff;\"><span style=\"font-size: 14px;\"><span>Francesca Romana Audretsch (<\/span><span>HfG in Karlsruhe\/<\/span><span>Netzwerk Diskriminierungskritik an Kunsthochschulen)<\/span><br \/><\/span> <span>Christine Goutri\u00e9 (weissensee kunsthochschule berlin),<br \/>Katrin K\u00f6ppert (Hochschule f\u00fcr Grafik und Buchkunst Leipzig\/Ruhr-Universit\u00e4t-Bochum)<\/span><\/span><\/div>\n<p>[\/et_pb_text][\/et_pb_column][\/et_pb_row][\/et_pb_section]<\/p>\n","protected":false},"excerpt":{"rendered":"<p>PROGRAMM &nbsp; Freitag, 22.10.21Ankommen &#8211; Ohne Worte. Reflexionen \u00fcber &#8222;The Arrival&#8220; 10.00 Begr\u00fc\u00dfung Auftakt: The Arrival10.15 \u2013 11.15 Shaun Tan und Jir\u00e9 Emine G\u00f6zen:A Conversation with Shaun Tan \/ Ein Gespr\u00e4ch mit Shaun Tan \u00fcber &#8222;The Arrival&#8220; (en)11.30 \u2013 12.15Bidisha Banerjee (Educational University of Hong Kong):Hong Kong Reads Shaun Tan &#8211; A One City One [&hellip;]<\/p>\n","protected":false},"author":1,"featured_media":0,"parent":0,"menu_order":0,"comment_status":"closed","ping_status":"closed","template":"","meta":{"_et_pb_use_builder":"on","_et_pb_old_content":"","_et_gb_content_width":"","footnotes":""},"class_list":["post-239","page","type-page","status-publish","hentry"],"_links":{"self":[{"href":"https:\/\/ankommen-ohne-worte.de\/en\/wp-json\/wp\/v2\/pages\/239","targetHints":{"allow":["GET"]}}],"collection":[{"href":"https:\/\/ankommen-ohne-worte.de\/en\/wp-json\/wp\/v2\/pages"}],"about":[{"href":"https:\/\/ankommen-ohne-worte.de\/en\/wp-json\/wp\/v2\/types\/page"}],"author":[{"embeddable":true,"href":"https:\/\/ankommen-ohne-worte.de\/en\/wp-json\/wp\/v2\/users\/1"}],"replies":[{"embeddable":true,"href":"https:\/\/ankommen-ohne-worte.de\/en\/wp-json\/wp\/v2\/comments?post=239"}],"version-history":[{"count":53,"href":"https:\/\/ankommen-ohne-worte.de\/en\/wp-json\/wp\/v2\/pages\/239\/revisions"}],"predecessor-version":[{"id":776,"href":"https:\/\/ankommen-ohne-worte.de\/en\/wp-json\/wp\/v2\/pages\/239\/revisions\/776"}],"wp:attachment":[{"href":"https:\/\/ankommen-ohne-worte.de\/en\/wp-json\/wp\/v2\/media?parent=239"}],"curies":[{"name":"wp","href":"https:\/\/api.w.org\/{rel}","templated":true}]}}