{"id":260,"date":"2021-10-01T12:17:37","date_gmt":"2021-10-01T12:17:37","guid":{"rendered":"http:\/\/ankommen-ohne-worte.de\/?page_id=260"},"modified":"2021-10-15T13:17:23","modified_gmt":"2021-10-15T13:17:23","slug":"mitwirkende","status":"publish","type":"page","link":"https:\/\/ankommen-ohne-worte.de\/en\/mitwirkende","title":{"rendered":"Contributors"},"content":{"rendered":"<p>[et_pb_section fb_built=&#8220;1&#8243; admin_label=&#8220;Header Section&#8220; _builder_version=&#8220;4.10.8&#8243; use_background_color_gradient=&#8220;on&#8220; background_color_gradient_start=&#8220;#e9f0f6&#8243; background_color_gradient_end=&#8220;rgba(233,240,246,0.2)&#8220; background_color_gradient_overlays_image=&#8220;on&#8220; background_image=&#8220;http:\/\/ankommen-ohne-worte.de\/wp-content\/uploads\/2021\/09\/Plakatentwurf-Arrival-Yellow-Websmall-1-e1631037524298.png&#8220; min_height=&#8220;636.7px&#8220; custom_margin=&#8220;-20px||-200px||false|false&#8220; custom_margin_tablet=&#8220;||-340px||false|false&#8220; custom_margin_phone=&#8220;||-500px||false|false&#8220; custom_margin_last_edited=&#8220;on|phone&#8220; custom_padding=&#8220;10%||0%||false|false&#8220; global_colors_info=&#8220;{}&#8220;][et_pb_row custom_padding_last_edited=&#8220;on|phone&#8220; admin_label=&#8220;Header Row&#8220; _builder_version=&#8220;4.10.8&#8243; custom_margin=&#8220;|||0px|false|false&#8220; custom_margin_tablet=&#8220;|||40px|false|false&#8220; custom_margin_phone=&#8220;|||20px|false|false&#8220; custom_margin_last_edited=&#8220;on|phone&#8220; custom_padding=&#8220;|||0px|false|false&#8220; custom_padding_tablet=&#8220;&#8220; custom_padding_phone=&#8220;3vw|||&#8220; global_colors_info=&#8220;{}&#8220;][et_pb_column type=&#8220;4_4&#8243; _builder_version=&#8220;3.25&#8243; custom_padding=&#8220;|||&#8220; global_colors_info=&#8220;{}&#8220; custom_padding__hover=&#8220;|||&#8220;][et_pb_cta title=&#8220;Mitwirkende&#8220; button_url=&#8220;#top&#8220; admin_label=&#8220;Heading, Subheading &#038; Button&#8220; _builder_version=&#8220;4.10.8&#8243; header_level=&#8220;h1&#8243; header_font=&#8220;|700||on|||||&#8220; header_text_align=&#8220;left&#8220; header_text_color=&#8220;#000000&#8243; header_font_size=&#8220;65px&#8220; header_line_height=&#8220;1.4em&#8220; body_font=&#8220;Muli|600|||||||&#8220; body_font_size=&#8220;18px&#8220; body_line_height=&#8220;1.8em&#8220; use_background_color=&#8220;off&#8220; custom_button=&#8220;on&#8220; button_text_size=&#8220;16px&#8220; button_text_color=&#8220;#ffffff&#8220; button_bg_color=&#8220;#f4583f&#8220; button_border_width=&#8220;10px&#8220; button_border_color=&#8220;rgba(244,88,63,0)&#8220; button_border_radius=&#8220;0px&#8220; button_font=&#8220;Muli|700|||||||&#8220; button_use_icon=&#8220;off&#8220; background_layout=&#8220;light&#8220; max_width=&#8220;800px&#8220; module_alignment=&#8220;center&#8220; custom_margin=&#8220;|||&#8220; custom_margin_tablet=&#8220;3vw||3vw|&#8220; custom_margin_phone=&#8220;|||&#8220; custom_margin_last_edited=&#8220;off|desktop&#8220; animation_style=&#8220;fade&#8220; header_font_size_tablet=&#8220;&#8220; header_font_size_phone=&#8220;50px&#8220; header_font_size_last_edited=&#8220;on|phone&#8220; button_text_color_hover=&#8220;#ffffff&#8220; button_border_color_hover=&#8220;rgba(244,88,63,0)&#8220; button_border_radius_hover=&#8220;0px&#8220; button_bg_color_hover=&#8220;#f4583f&#8220; global_colors_info=&#8220;{}&#8220; button_text_size__hover_enabled=&#8220;off&#8220; button_one_text_size__hover_enabled=&#8220;off&#8220; button_two_text_size__hover_enabled=&#8220;off&#8220; button_text_color__hover_enabled=&#8220;on&#8220; button_text_color__hover=&#8220;#ffffff&#8220; button_one_text_color__hover_enabled=&#8220;off&#8220; button_two_text_color__hover_enabled=&#8220;off&#8220; button_border_width__hover_enabled=&#8220;off&#8220; button_one_border_width__hover_enabled=&#8220;off&#8220; button_two_border_width__hover_enabled=&#8220;off&#8220; button_border_color__hover_enabled=&#8220;on&#8220; button_border_color__hover=&#8220;rgba(244,88,63,0)&#8220; button_one_border_color__hover_enabled=&#8220;off&#8220; button_two_border_color__hover_enabled=&#8220;off&#8220; button_border_radius__hover_enabled=&#8220;on&#8220; button_border_radius__hover=&#8220;0px&#8220; button_one_border_radius__hover_enabled=&#8220;off&#8220; button_two_border_radius__hover_enabled=&#8220;off&#8220; button_letter_spacing__hover_enabled=&#8220;off&#8220; button_one_letter_spacing__hover_enabled=&#8220;off&#8220; button_two_letter_spacing__hover_enabled=&#8220;off&#8220; button_bg_color__hover_enabled=&#8220;on&#8220; button_bg_color__hover=&#8220;#f4583f&#8220; button_one_bg_color__hover_enabled=&#8220;off&#8220; button_two_bg_color__hover_enabled=&#8220;off&#8220;][\/et_pb_cta][\/et_pb_column][\/et_pb_row][\/et_pb_section][et_pb_section fb_built=&#8220;1&#8243; admin_label=&#8220;Our Story Section&#8220; _builder_version=&#8220;4.10.8&#8243; background_color=&#8220;#666666&#8243; custom_padding=&#8220;0px|0px|0px|0px&#8220; global_colors_info=&#8220;{}&#8220;][et_pb_row column_structure=&#8220;1_2,1_2&#8243; use_custom_gutter=&#8220;on&#8220; gutter_width=&#8220;1&#8243; make_equal=&#8220;on&#8220; admin_label=&#8220;Our Story Row&#8220; module_class=&#8220; et_pb_row_fullwidth&#8220; _builder_version=&#8220;4.10.8&#8243; width=&#8220;100%&#8220; width_tablet=&#8220;100%&#8220; width_phone=&#8220;&#8220; width_last_edited=&#8220;on|desktop&#8220; max_width=&#8220;100%&#8220; max_width_tablet=&#8220;100%&#8220; max_width_phone=&#8220;&#8220; max_width_last_edited=&#8220;on|desktop&#8220; custom_margin=&#8220;0px||||false|false&#8220; custom_margin_tablet=&#8220;&#8220; custom_margin_phone=&#8220;0px||||false|false&#8220; custom_margin_last_edited=&#8220;on|desktop&#8220; custom_padding=&#8220;0px|0px|0px|0px&#8220; border_width_top=&#8220;10px&#8220; border_color_top=&#8220;#666666&#8243; border_color_bottom=&#8220;#FFFFFF&#8220; border_radii_tablet=&#8220;&#8220; border_radii_phone=&#8220;&#8220; border_radii_last_edited=&#8220;on|tablet&#8220; border_width_top_tablet=&#8220;0px&#8220; border_width_top_phone=&#8220;&#8220; border_width_top_last_edited=&#8220;on|phone&#8220; make_fullwidth=&#8220;on&#8220; global_colors_info=&#8220;{}&#8220;][et_pb_column type=&#8220;1_2&#8243; _builder_version=&#8220;3.25&#8243; background_color=&#8220;#1a1a1a&#8220; custom_padding=&#8220;|||&#8220; global_colors_info=&#8220;{}&#8220; custom_padding__hover=&#8220;|||&#8220;][et_pb_text _builder_version=&#8220;4.10.8&#8243; _module_preset=&#8220;default&#8220; custom_margin=&#8220;70px|20px|30px|40px|false|false&#8220; custom_margin_tablet=&#8220;|40px|||false|false&#8220; custom_margin_phone=&#8220;&#8220; custom_margin_last_edited=&#8220;on|phone&#8220; custom_padding=&#8220;||0px|100px|false|false&#8220; custom_padding_tablet=&#8220;|||0px|false|false&#8220; custom_padding_phone=&#8220;&#8220; custom_padding_last_edited=&#8220;on|desktop&#8220; locked=&#8220;off&#8220; global_colors_info=&#8220;{}&#8220;]<\/p>\n<p><span style=\"font-size: large;\"><span style=\"color: #ffe600;\">Konzeption und Projektleitung:<br \/><\/span><span style=\"color: #ffffff;\">Jir\u00e9 Emine G\u00f6zen, Gora Jain<\/span><\/span><\/p>\n<p><span style=\"font-size: large;\"><span style=\"color: #ffe600;\">Gestaltung und Umsetzung:<br \/><\/span><span style=\"color: #ffffff;\">Ubbo K\u00fcgler<\/span><\/span><\/p>\n<p><span style=\"font-size: large;\"><span style=\"color: #ffe600;\"><span>Kommunikationskonzept und Look<\/span>:<br \/><span style=\"color: #ffffff;\">Carina Eitner, Anna Gosslar, Sarah Kreusch, Emely Weischede <br \/><\/span><span style=\"color: #ffffff;\">unter Leitung von Ilona Kl\u00fcck<\/span><\/span><\/span><span style=\"font-size: large;\"><span style=\"color: #ffe600;\"><\/span><br \/><\/span><\/p>\n<p><span style=\"font-size: large;\"><span style=\"color: #ffe600;\">Studentische Mitarbeit:<br \/><\/span><span style=\"color: #ffffff;\">Falk Blunk, Theresa Bull, Sina Gro\u00df, Laureen Hayduk, Jacqueline M\u00fcller<\/span><\/span><\/p>\n<p><span style=\"font-size: large;\"><span style=\"color: #ffe600;\">Technische und organisatorische Unterst\u00fctzung:<br \/><\/span><span style=\"color: #ffffff;\">Dirk Fellenberg, Saskia Lindner, Gerrit Neukam, Axel Weiss<\/span><\/span><\/p>\n<p>&nbsp;<\/p>\n<p><span style=\"color: #ffe600; font-size: x-large;\">Mitwirkende der Austellung:<\/span><\/p>\n<p><span style=\"color: #ffe600; font-size: large;\">Studierende:<\/span><\/p>\n<div>\n<div dir=\"auto\">\n<div dir=\"auto\">\n<div dir=\"auto\">\n<div dir=\"auto\">\n<div dir=\"auto\">\n<div dir=\"auto\">\n<div>\n<p><span style=\"color: #ffffff;\"><span style=\"color: #ffffff;\"><span style=\"font-size: large;\"><span style=\"font-size: large;\">Huldah Amo, Izabela Bannach, Alisa Berg, Katharina B\u00f8ggild, Sarah Bruse, Inka Buck, Salom\u00e9 Camerati, Sarah De Groot, Daline Daute, Bj\u00f8rg Eltt\u00f8r, Emily Falkenhof, L\u00e9a Frenot, Aur\u00e9lie Georges, Laura Gilson, <\/span><\/span><\/span><\/span><span style=\"color: #ffffff; font-size: large;\">Valerija Grams, <\/span><span style=\"color: #ffffff; font-size: large;\"><span style=\"font-size: large;\">Clara Gra\u00df, Mariya Gubenko,\u00a0 Joana Haagen, Paula H\u00e4rtel, Leon Herres, Miriam Kalle, Annelie <\/span><\/span><span style=\"color: #ffffff; font-size: large;\"><span style=\"font-size: large;\">Kebschull, Louise Klingler, Mia Louisa Knop, Tabea Koch, Alexander Kr\u00e4mer, Alexander Leinens, Sabina M\u00e4stle Torres, Adara Mendes, Anna Mensing, Oliver Moscher, Sophie Notbom, Sophie Pichtovnikov, Anna P\u00f6hlmann, Lisa Putz, Fenja Rebell, Sophie Remst\u00e4dt, Megan Richter, Niclas Robering, Eva R\u00f6hlsberger, Leon R\u00f6mer, Zoe Marie Sch\u00e4ttle, Merve Sel\u00e7uk, Janne Studt, Monalena Teschemacher, <\/span><\/span><span style=\"color: #ffffff; font-size: large;\"><span style=\"font-size: 14px;\"><span style=\"font-size: large;\">Ann-Katrin Werner,<\/span> <\/span>Emma Wohnsiedler, Sarah Wolf<\/span><\/p>\n<\/div>\n<div>\n<div>\n<p><span style=\"font-size: large;\"><b> <\/b><\/span><\/p>\n<p><span style=\"font-size: large; color: #ffe600;\">Lehrende:<\/span><\/p>\n<\/div>\n<div>\n<p><span style=\"font-size: large; color: #ffffff;\">Prof. Friederike Gro\u00df, Prof. Dr. Gora Jain, Prof. Jan Haux, Prof. Maike Mia H\u00f6hne, Ilona Kl\u00fcck, Prof. Verena Kr\u00e4mer, Prof. Ubbo K\u00fcgler, <span>Prof. Christian Meyer zur Ermgassen<\/span><\/span><\/p>\n<p><span style=\"color: #ffe600; font-size: large;\">Kuration:<br \/><span style=\"font-size: large; color: #ffffff;\"> <span style=\"font-size: large;\"><span style=\"color: #ffffff;\">Jir\u00e9 Emine G\u00f6zen, <\/span><\/span>Gora Jain,<span style=\"font-size: large;\"><span style=\"color: #ffffff;\">\u00a0Maike Mia H\u00f6hne, Ubbo K\u00fcgler<\/span><\/span><\/span><br \/><\/span><\/p>\n<p>&nbsp;<\/p>\n<\/div>\n<\/div>\n<\/div>\n<\/div>\n<\/div>\n<\/div>\n<\/div>\n<\/div>\n<\/div>\n<p>[\/et_pb_text][\/et_pb_column][et_pb_column type=&#8220;1_2&#8243; _builder_version=&#8220;3.25&#8243; custom_padding=&#8220;|||&#8220; global_colors_info=&#8220;{}&#8220; custom_padding__hover=&#8220;|||&#8220;][et_pb_image src=&#8220;http:\/\/ankommen-ohne-worte.de\/wp-content\/uploads\/2021\/10\/Plakatentwurf-Arrival-magenta-Websmall.png&#8220; title_text=&#8220;Plakatentwurf-Arrival-(magenta-Web)small&#8220; align_tablet=&#8220;center&#8220; align_phone=&#8220;&#8220; align_last_edited=&#8220;on|desktop&#8220; _builder_version=&#8220;4.10.8&#8243; max_width=&#8220;600px&#8220; max_width_tablet=&#8220;&#8220; max_width_phone=&#8220;&#8220; max_width_last_edited=&#8220;on|desktop&#8220; module_alignment=&#8220;left&#8220; global_colors_info=&#8220;{}&#8220;][\/et_pb_image][\/et_pb_column][\/et_pb_row][\/et_pb_section][et_pb_section fb_built=&#8220;1&#8243; admin_label=&#8220;Design Process Section&#8220; _builder_version=&#8220;4.10.8&#8243; background_color=&#8220;#666666&#8243; custom_padding=&#8220;31px|0px|11px|0px||&#8220; global_colors_info=&#8220;{}&#8220;][et_pb_row _builder_version=&#8220;4.10.8&#8243; _module_preset=&#8220;default&#8220; global_colors_info=&#8220;{}&#8220;][et_pb_column type=&#8220;4_4&#8243; _builder_version=&#8220;4.10.8&#8243; _module_preset=&#8220;default&#8220; global_colors_info=&#8220;{}&#8220;][et_pb_text _builder_version=&#8220;4.10.8&#8243; _module_preset=&#8220;default&#8220; header_font=&#8220;|600||on|||||&#8220; header_text_color=&#8220;#FFFFFF&#8220; header_font_size=&#8220;50px&#8220; custom_margin=&#8220;|||10px|false|false&#8220; custom_margin_tablet=&#8220;&#8220; custom_margin_phone=&#8220;&#8220; custom_margin_last_edited=&#8220;on|phone&#8220; header_font_size_tablet=&#8220;&#8220; header_font_size_phone=&#8220;30px&#8220; header_font_size_last_edited=&#8220;on|phone&#8220; global_colors_info=&#8220;{}&#8220;]<\/p>\n<h1>Vortragende<\/h1>\n<p>[\/et_pb_text][\/et_pb_column][\/et_pb_row][et_pb_row column_structure=&#8220;1_3,1_3,1_3&#8243; admin_label=&#8220;Process Row&#8220; _builder_version=&#8220;3.25&#8243; global_colors_info=&#8220;{}&#8220;][et_pb_column type=&#8220;1_3&#8243; _builder_version=&#8220;3.25&#8243; custom_padding=&#8220;|||&#8220; global_colors_info=&#8220;{}&#8220; custom_padding__hover=&#8220;|||&#8220;][et_pb_button button_url=&#8220;http:\/\/ankommen-ohne-worte.de\/oemer-alkin&#8220; button_text=&#8220;\u00d6mer Alkin&#8220; _builder_version=&#8220;4.10.8&#8243; _module_preset=&#8220;default&#8220; custom_button=&#8220;on&#8220; button_text_color=&#8220;#00e6ff&#8220; button_border_width=&#8220;0px&#8220; button_border_color=&#8220;#00e6ff&#8220; locked=&#8220;off&#8220; global_colors_info=&#8220;{}&#8220;][\/et_pb_button][et_pb_button button_url=&#8220;http:\/\/ankommen-ohne-worte.de\/jire-emine-goezen&#8220; button_text=&#8220;Jir\u00e9 Emine G\u00f6zen&#8220; _builder_version=&#8220;4.10.8&#8243; _module_preset=&#8220;default&#8220; custom_button=&#8220;on&#8220; button_text_color=&#8220;#00e6ff&#8220; button_border_width=&#8220;0px&#8220; button_border_color=&#8220;#ffe600&#8243; global_colors_info=&#8220;{}&#8220;][\/et_pb_button][et_pb_button button_url=&#8220;http:\/\/ankommen-ohne-worte.de\/louise-rouse&#8220; button_text=&#8220;Louise Rouse&#8220; _builder_version=&#8220;4.10.8&#8243; _module_preset=&#8220;default&#8220; custom_button=&#8220;on&#8220; button_text_color=&#8220;#00e6ff&#8220; button_border_width=&#8220;0px&#8220; locked=&#8220;off&#8220; global_colors_info=&#8220;{}&#8220;][\/et_pb_button][et_pb_button button_url=&#8220;http:\/\/ankommen-ohne-worte.de\/emma-h-zhang&#8220; button_text=&#8220;Emma H. Zhang&#8220; _builder_version=&#8220;4.10.8&#8243; _module_preset=&#8220;default&#8220; custom_button=&#8220;on&#8220; button_text_color=&#8220;#00e6ff&#8220; button_border_width=&#8220;0px&#8220; button_border_color=&#8220;#00e6ff&#8220; global_colors_info=&#8220;{}&#8220;][\/et_pb_button][\/et_pb_column][et_pb_column type=&#8220;1_3&#8243; _builder_version=&#8220;3.25&#8243; custom_padding=&#8220;|||&#8220; global_colors_info=&#8220;{}&#8220; custom_padding__hover=&#8220;|||&#8220;][et_pb_button button_url=&#8220;http:\/\/ankommen-ohne-worte.de\/bidisha-banerjee-2&#8243; button_text=&#8220;Bidisha Banerjee&#8220; _builder_version=&#8220;4.10.8&#8243; _module_preset=&#8220;default&#8220; custom_button=&#8220;on&#8220; button_border_width=&#8220;0px&#8220; global_colors_info=&#8220;{}&#8220;][\/et_pb_button][et_pb_button button_url=&#8220;http:\/\/ankommen-ohne-worte.de\/gora-jain&#8220; button_text=&#8220;Gora Jain&#8220; _builder_version=&#8220;4.10.8&#8243; _module_preset=&#8220;default&#8220; custom_button=&#8220;on&#8220; button_border_width=&#8220;0px&#8220; locked=&#8220;off&#8220; global_colors_info=&#8220;{}&#8220;][\/et_pb_button][et_pb_button button_url=&#8220;http:\/\/ankommen-ohne-worte.de\/shaun-tan&#8220; button_text=&#8220;Shaun Tan&#8220; _builder_version=&#8220;4.10.8&#8243; _module_preset=&#8220;default&#8220; custom_button=&#8220;on&#8220; button_text_color=&#8220;#ff00e6&#8243; button_border_width=&#8220;0px&#8220; button_border_color=&#8220;#00e6ff&#8220; locked=&#8220;off&#8220; global_colors_info=&#8220;{}&#8220;][\/et_pb_button][et_pb_button button_url=&#8220;http:\/\/ankommen-ohne-worte.de\/moshe-zimmermann&#8220; button_text=&#8220;Moshe Zimmermann&#8220; _builder_version=&#8220;4.10.8&#8243; _module_preset=&#8220;default&#8220; custom_button=&#8220;on&#8220; button_text_color=&#8220;#ff00e6&#8243; button_border_width=&#8220;0px&#8220; locked=&#8220;off&#8220; global_colors_info=&#8220;{}&#8220;][\/et_pb_button][\/et_pb_column][et_pb_column type=&#8220;1_3&#8243; _builder_version=&#8220;3.25&#8243; custom_padding=&#8220;|||&#8220; global_colors_info=&#8220;{}&#8220; custom_padding__hover=&#8220;|||&#8220;][et_pb_button button_url=&#8220;http:\/\/ankommen-ohne-worte.de\/tom-bieling&#8220; button_text=&#8220;Tom Bieling&#8220; _builder_version=&#8220;4.10.8&#8243; _module_preset=&#8220;default&#8220; custom_button=&#8220;on&#8220; button_text_color=&#8220;#ffe600&#8243; button_border_width=&#8220;0px&#8220; button_border_color=&#8220;#ffe600&#8243; locked=&#8220;off&#8220; global_colors_info=&#8220;{}&#8220;][\/et_pb_button][et_pb_button button_url=&#8220;http:\/\/ankommen-ohne-worte.de\/rebecca-pates-2&#8243; button_text=&#8220;Rebecca Pates&#8220; _builder_version=&#8220;4.10.8&#8243; _module_preset=&#8220;default&#8220; custom_button=&#8220;on&#8220; button_text_color=&#8220;#ffe600&#8243; button_border_width=&#8220;0px&#8220; button_border_color=&#8220;#ffe600&#8243; locked=&#8220;off&#8220; global_colors_info=&#8220;{}&#8220;][\/et_pb_button][et_pb_button button_url=&#8220;http:\/\/ankommen-ohne-worte.de\/michael-wilk-2&#8243; button_text=&#8220;Michael Wilk&#8220; _builder_version=&#8220;4.10.8&#8243; _module_preset=&#8220;default&#8220; custom_button=&#8220;on&#8220; button_text_color=&#8220;#ffe600&#8243; button_border_width=&#8220;0px&#8220; button_border_color=&#8220;#00e6ff&#8220; locked=&#8220;off&#8220; global_colors_info=&#8220;{}&#8220;][\/et_pb_button][\/et_pb_column][\/et_pb_row][\/et_pb_section]<\/p>\n","protected":false},"excerpt":{"rendered":"<p>Konzeption und Projektleitung:Jir\u00e9 Emine G\u00f6zen, Gora Jain Gestaltung und Umsetzung:Ubbo K\u00fcgler Kommunikationskonzept und Look:Carina Eitner, Anna Gosslar, Sarah Kreusch, Emely Weischede unter Leitung von Ilona Kl\u00fcck Studentische Mitarbeit:Falk Blunk, Theresa Bull, Sina Gro\u00df, Laureen Hayduk, Jacqueline M\u00fcller Technische und organisatorische Unterst\u00fctzung:Dirk Fellenberg, Saskia Lindner, Gerrit Neukam, Axel Weiss &nbsp; Mitwirkende der Austellung: Studierende: Huldah Amo, [&hellip;]<\/p>\n","protected":false},"author":1,"featured_media":0,"parent":0,"menu_order":0,"comment_status":"closed","ping_status":"closed","template":"","meta":{"_et_pb_use_builder":"on","_et_pb_old_content":"","_et_gb_content_width":"","footnotes":""},"class_list":["post-260","page","type-page","status-publish","hentry"],"_links":{"self":[{"href":"https:\/\/ankommen-ohne-worte.de\/en\/wp-json\/wp\/v2\/pages\/260","targetHints":{"allow":["GET"]}}],"collection":[{"href":"https:\/\/ankommen-ohne-worte.de\/en\/wp-json\/wp\/v2\/pages"}],"about":[{"href":"https:\/\/ankommen-ohne-worte.de\/en\/wp-json\/wp\/v2\/types\/page"}],"author":[{"embeddable":true,"href":"https:\/\/ankommen-ohne-worte.de\/en\/wp-json\/wp\/v2\/users\/1"}],"replies":[{"embeddable":true,"href":"https:\/\/ankommen-ohne-worte.de\/en\/wp-json\/wp\/v2\/comments?post=260"}],"version-history":[{"count":41,"href":"https:\/\/ankommen-ohne-worte.de\/en\/wp-json\/wp\/v2\/pages\/260\/revisions"}],"predecessor-version":[{"id":789,"href":"https:\/\/ankommen-ohne-worte.de\/en\/wp-json\/wp\/v2\/pages\/260\/revisions\/789"}],"wp:attachment":[{"href":"https:\/\/ankommen-ohne-worte.de\/en\/wp-json\/wp\/v2\/media?parent=260"}],"curies":[{"name":"wp","href":"https:\/\/api.w.org\/{rel}","templated":true}]}}