{"id":364,"date":"2021-10-01T14:11:19","date_gmt":"2021-10-01T14:11:19","guid":{"rendered":"http:\/\/ankommen-ohne-worte.de\/?page_id=364"},"modified":"2021-10-13T14:19:48","modified_gmt":"2021-10-13T14:19:48","slug":"moshe-zimmermann","status":"publish","type":"page","link":"https:\/\/ankommen-ohne-worte.de\/en\/moshe-zimmermann","title":{"rendered":"Moshe Zimmermann"},"content":{"rendered":"<p>[et_pb_section fb_built=&#8220;1&#8243; admin_label=&#8220;Header Section&#8220; _builder_version=&#8220;4.10.7&#8243; use_background_color_gradient=&#8220;on&#8220; background_color_gradient_start=&#8220;#474747&#8243; background_color_gradient_end=&#8220;rgba(233,240,246,0.2)&#8220; background_color_gradient_overlays_image=&#8220;on&#8220; background_image=&#8220;http:\/\/ankommen-ohne-worte.de\/wp-content\/uploads\/2021\/09\/Plakatentwurf-Arrival-blue-Websmall.png&#8220; min_height=&#8220;621px&#8220; custom_margin=&#8220;||-230px||false|false&#8220; custom_margin_tablet=&#8220;0px||-260px||false|false&#8220; custom_margin_phone=&#8220;0px||-350px||false|false&#8220; custom_margin_last_edited=&#8220;on|desktop&#8220; custom_padding=&#8220;10%||0%||false|false&#8220; global_colors_info=&#8220;{}&#8220;][et_pb_row custom_padding_last_edited=&#8220;off|desktop&#8220; admin_label=&#8220;Header Row&#8220; _builder_version=&#8220;3.25&#8243; custom_margin=&#8220;|||&#8220; custom_padding=&#8220;2px||0px|||&#8220; custom_padding_phone=&#8220;3vw|||&#8220; global_colors_info=&#8220;{}&#8220;][et_pb_column type=&#8220;4_4&#8243; _builder_version=&#8220;3.25&#8243; custom_padding=&#8220;|||&#8220; global_colors_info=&#8220;{}&#8220; custom_padding__hover=&#8220;|||&#8220;][et_pb_text admin_label=&#8220;Heading &#038; Subheading&#8220; _builder_version=&#8220;4.10.8&#8243; text_font=&#8220;|600|||||||&#8220; text_font_size=&#8220;-2px&#8220; text_line_height=&#8220;1.8em&#8220; header_font=&#8220;|700||on|||||&#8220; header_font_size=&#8220;70px&#8220; header_line_height=&#8220;1.4em&#8220; header_2_font=&#8220;||||||||&#8220; text_orientation=&#8220;center&#8220; max_width=&#8220;800px&#8220; max_width_last_edited=&#8220;off|desktop&#8220; module_alignment=&#8220;center&#8220; custom_margin=&#8220;|||&#8220; custom_padding=&#8220;|||&#8220; custom_padding_last_edited=&#8220;off|desktop&#8220; animation_style=&#8220;fade&#8220; text_text_color_tablet=&#8220;&#8220; text_text_color_phone=&#8220;&#8220; text_text_color_last_edited=&#8220;on|phone&#8220; header_font_tablet=&#8220;&#8220; header_font_phone=&#8220;&#8220; header_font_last_edited=&#8220;on|tablet&#8220; header_font_size_tablet=&#8220;&#8220; header_font_size_phone=&#8220;40px&#8220; header_font_size_last_edited=&#8220;on|desktop&#8220; global_colors_info=&#8220;{}&#8220;]<\/p>\n<h1><strong><span style=\"color: #00e6ff; font-family: inherit;\">Symposium\u00a0<\/span><\/strong><\/h1>\n<p>&nbsp;<\/p>\n<p>[\/et_pb_text][\/et_pb_column][\/et_pb_row][\/et_pb_section][et_pb_section fb_built=&#8220;1&#8243; admin_label=&#8220;Contact Section&#8220; _builder_version=&#8220;4.10.7&#8243; background_color=&#8220;#e9f0f6&#8243; custom_margin=&#8220;10px||||false|false&#8220; custom_margin_tablet=&#8220;0px||||false|false&#8220; custom_margin_phone=&#8220;&#8220; custom_margin_last_edited=&#8220;on|phone&#8220; custom_padding=&#8220;20px|0px|100px|0px|false|false&#8220; global_colors_info=&#8220;{}&#8220;][et_pb_row column_structure=&#8220;1_3,2_3&#8243; admin_label=&#8220;Message Row&#8220; _builder_version=&#8220;3.25&#8243; custom_padding=&#8220;6px|||||&#8220; global_colors_info=&#8220;{}&#8220;][et_pb_column type=&#8220;1_3&#8243; _builder_version=&#8220;3.25&#8243; custom_padding=&#8220;|||&#8220; global_colors_info=&#8220;{}&#8220; custom_padding__hover=&#8220;|||&#8220;][et_pb_text admin_label=&#8220;Title&#8220; _builder_version=&#8220;4.10.8&#8243; text_font=&#8220;Muli|600|||||||&#8220; text_text_color=&#8220;#737373&#8243; text_font_size=&#8220;18px&#8220; header_font=&#8220;||||||||&#8220; header_2_font=&#8220;|700|||||||&#8220; header_2_text_align=&#8220;left&#8220; header_2_font_size=&#8220;30px&#8220; header_2_line_height=&#8220;1.4em&#8220; max_width_last_edited=&#8220;off|desktop&#8220; custom_margin=&#8220;|||&#8220; custom_margin_tablet=&#8220;||-20px||false|false&#8220; custom_margin_phone=&#8220;||-10px||false|false&#8220; custom_margin_last_edited=&#8220;on|desktop&#8220; custom_padding=&#8220;|||10px|false|false&#8220; custom_padding_tablet=&#8220;|||120px|false|false&#8220; custom_padding_phone=&#8220;|||50px|false|false&#8220; custom_padding_last_edited=&#8220;on|phone&#8220; header_text_color_tablet=&#8220;&#8220; header_text_color_phone=&#8220;&#8220; header_text_color_last_edited=&#8220;on|desktop&#8220; header_font_size_tablet=&#8220;&#8220; header_font_size_phone=&#8220;&#8220; header_font_size_last_edited=&#8220;on|desktop&#8220; header_2_font_size_tablet=&#8220;40px&#8220; header_2_font_size_phone=&#8220;20px&#8220; header_2_font_size_last_edited=&#8220;on|phone&#8220; global_colors_info=&#8220;{}&#8220;]<\/p>\n<h2><span>Mosche Zimmermann<\/span><\/h2>\n<p><span><\/span><\/p>\n<p>[\/et_pb_text][et_pb_image src=&#8220;http:\/\/ankommen-ohne-worte.de\/wp-content\/uploads\/2021\/10\/FotoHaun-scaled.jpg&#8220; title_text=&#8220;FotoHaun&#8220; disabled_on=&#8220;off|off|off&#8220; _builder_version=&#8220;4.10.8&#8243; _module_preset=&#8220;default&#8220; transform_scale_tablet=&#8220;60%|60%&#8220; transform_scale_phone=&#8220;70%|70%&#8220; transform_scale_last_edited=&#8220;on|desktop&#8220; transform_translate_tablet=&#8220;&#8220; transform_translate_phone=&#8220;&#8220; transform_translate_last_edited=&#8220;on|tablet&#8220; transform_rotate_tablet=&#8220;&#8220; transform_rotate_phone=&#8220;&#8220; transform_rotate_last_edited=&#8220;on|tablet&#8220; transform_skew_tablet=&#8220;&#8220; transform_skew_phone=&#8220;&#8220; transform_skew_last_edited=&#8220;on|tablet&#8220; transform_origin_tablet=&#8220;&#8220; transform_origin_phone=&#8220;&#8220; transform_origin_last_edited=&#8220;on|tablet&#8220; transform_styles_last_edited=&#8220;on|desktop&#8220; custom_margin_tablet=&#8220;-80px||-30px||false|false&#8220; custom_margin_phone=&#8220;-40px||0px||false|false&#8220; custom_margin_last_edited=&#8220;on|desktop&#8220; transform_styles_tablet=&#8220;&#8220; transform_styles_phone=&#8220;&#8220; border_radii=&#8220;on|8px|8px|8px|8px&#8220; border_width_all=&#8220;2px&#8220; border_color_all=&#8220;#FFFFFF&#8220; box_shadow_style=&#8220;preset1&#8243; global_colors_info=&#8220;{}&#8220;][\/et_pb_image][et_pb_text _builder_version=&#8220;4.11.1&#8243; _module_preset=&#8220;default&#8220; hover_enabled=&#8220;0&#8243; global_colors_info=&#8220;{}&#8220; sticky_enabled=&#8220;0&#8243;]<\/p>\n<p><span style=\"font-family: inherit;\"><b><span style=\"color: #666666;\"><strong>Samstag, 12.00 \u2013 12.45<br \/><\/strong><\/span><\/b><\/span>Hebr\u00e4ische Universit\u00e4t Jerusalem<br \/><span style=\"color: #666666; font-family: inherit;\">Das Zweischneidige der neuen Heimat\u00a0<\/span><\/p>\n<p>&nbsp;<\/p>\n<p>[\/et_pb_text][et_pb_button button_url=&#8220;http:\/\/ankommen-ohne-worte.de\/anmeldung&#8220; button_text=&#8220;Jetzt anmelden&#8220; disabled_on=&#8220;on|on|off&#8220; _builder_version=&#8220;4.10.8&#8243; _module_preset=&#8220;default&#8220; custom_button=&#8220;on&#8220; button_text_color=&#8220;#00e6ff&#8220; button_border_color=&#8220;#00e6ff&#8220; global_colors_info=&#8220;{}&#8220;][\/et_pb_button][\/et_pb_column][et_pb_column type=&#8220;2_3&#8243; _builder_version=&#8220;3.25&#8243; custom_padding=&#8220;|||&#8220; global_colors_info=&#8220;{}&#8220; custom_padding__hover=&#8220;|||&#8220;][et_pb_text disabled_on=&#8220;off|off|off&#8220; _builder_version=&#8220;4.10.8&#8243; _module_preset=&#8220;default&#8220; header_font=&#8220;||||||||&#8220; header_text_color=&#8220;#FFFFFF&#8220; header_font_size=&#8220;22px&#8220; background_enable_color=&#8220;off&#8220; transform_scale_tablet=&#8220;&#8220; transform_scale_phone=&#8220;&#8220; transform_scale_last_edited=&#8220;on|desktop&#8220; transform_translate=&#8220;0px|40px&#8220; transform_translate_tablet=&#8220;&#8220; transform_translate_phone=&#8220;&#8220; transform_translate_last_edited=&#8220;on|phone&#8220; transform_translate_linked=&#8220;off&#8220; transform_rotate_tablet=&#8220;&#8220; transform_rotate_phone=&#8220;&#8220; transform_rotate_last_edited=&#8220;on|desktop&#8220; transform_skew_tablet=&#8220;&#8220; transform_skew_phone=&#8220;&#8220; transform_skew_last_edited=&#8220;on|desktop&#8220; transform_origin_tablet=&#8220;&#8220; transform_origin_phone=&#8220;&#8220; transform_origin_last_edited=&#8220;on|desktop&#8220; transform_styles_last_edited=&#8220;on|phone&#8220; custom_margin=&#8220;0px|||0px|false|false&#8220; custom_margin_tablet=&#8220;||-20px|0px|false|false&#8220; custom_margin_phone=&#8220;||30px||false|false&#8220; custom_margin_last_edited=&#8220;on|tablet&#8220; header_text_color_tablet=&#8220;&#8220; header_text_color_phone=&#8220;&#8220; header_text_color_last_edited=&#8220;on|desktop&#8220; background_last_edited=&#8220;on|phone&#8220; background_enable_color_phone=&#8220;off&#8220; transform_styles_tablet=&#8220;&#8220; transform_styles_phone=&#8220;&#8220; locked=&#8220;off&#8220; global_colors_info=&#8220;{}&#8220;]<\/p>\n<h1 style=\"text-align: left;\"><span style=\"color: #000000;\">Das Zweischneidige der neuen Heimat<\/span><\/h1>\n<p><span style=\"color: #000000;\"><\/span><\/p>\n<p><span style=\"color: #000000;\"><\/span><\/p>\n<p><span style=\"color: #000000;\"><\/span><\/p>\n<h1 style=\"text-align: left;\"><\/h1>\n<p>[\/et_pb_text][et_pb_text admin_label=&#8220;Paragraph&#8220; _builder_version=&#8220;4.10.7&#8243; text_font=&#8220;||||||||&#8220; text_text_color=&#8220;#000000&#8243; text_font_size=&#8220;18px&#8220; header_font=&#8220;||||||||&#8220; header_font_size=&#8220;20px&#8220; header_line_height=&#8220;1.1em&#8220; header_2_font=&#8220;Muli|700|||||||&#8220; header_2_font_size=&#8220;50px&#8220; header_2_line_height=&#8220;1.4em&#8220; max_width_last_edited=&#8220;off|desktop&#8220; module_alignment=&#8220;right&#8220; custom_margin=&#8220;|||&#8220; custom_padding=&#8220;|||&#8220; custom_padding_tablet=&#8220;30px|0px|30px|0px&#8220; custom_padding_phone=&#8220;&#8220; custom_padding_last_edited=&#8220;on|tablet&#8220; header_font_tablet=&#8220;&#8220; header_font_phone=&#8220;&#8220; header_font_last_edited=&#8220;on|desktop&#8220; header_font_size_tablet=&#8220;18px&#8220; header_font_size_phone=&#8220;16px&#8220; header_font_size_last_edited=&#8220;on|tablet&#8220; locked=&#8220;off&#8220; global_colors_info=&#8220;{}&#8220;]<\/p>\n<p>\u00a0Juden, die nach Pal\u00e4stina auswandern, kommen dort nicht einfach an (im Sinne von \u201earrival\u201c), sie \u201emachen Alija\u201c (Hebr\u00e4isch: Aufstieg). F\u00fcr Juden, die aus Nazi Deutschland nach Pal\u00e4stina fliehen konnten \u2013 war es eine Ankunft (arrival) in einer neuen Fremde oder in einer alten Heimat? Ein Aufstieg oder ein Abstieg? Der Zielort Pal\u00e4stina bot zur Zeit des \u201eDritten Reichs\u201c eine sui generis Ankunft an, sowohl im Vergleich mit anderen Zielorten der verfolgten Juden, als auch mit Einwanderungsl\u00e4ndern im allgemeinen.<\/p>\n<p>Prof.em. Dr. Moshe Zimmermann studierte Geschichte und Politologie in Jerusalem und Hamburg. Von 1986 bis 2012 war er Direktor des Richard-Koebner-Minerva-Zentrums f\u00fcr Deutsche Geschichte und Professor am Fachbereich f\u00fcr Geschichte der Hebr\u00e4ischen Universit\u00e4t Jerusalem. Zahlreiche Gastprofessuren in Deutschland, USA und Polen, renommierte Forschungspreise sowie die Mitgliedschaft in der Unabh\u00e4ngigen Historikerkommission begleiten seinen Werdegang. Publikationen verfasst er in Deutsch, Englisch und Hebr\u00e4isch zu Themen wie Nationalismus, Antisemitismus, Sportgeschichte, Film-Geschichte und zur deutsch-j\u00fcdischen Geschichte sowie zum Holocaust, zur Erinnerungsarbeit in Deutschland und Israel sowie zu den deutsch-israelischen Beziehungen<\/p>\n<p>[\/et_pb_text][et_pb_button button_url=&#8220;http:\/\/ankommen-ohne-worte.de\/anmeldung&#8220; button_text=&#8220;Jetzt anmelden&#8220; disabled_on=&#8220;off|off|on&#8220; _builder_version=&#8220;4.10.8&#8243; _module_preset=&#8220;default&#8220; custom_button=&#8220;on&#8220; button_text_color=&#8220;#00e6ff&#8220; button_border_color=&#8220;#00e6ff&#8220; locked=&#8220;off&#8220; global_colors_info=&#8220;{}&#8220;][\/et_pb_button][\/et_pb_column][\/et_pb_row][\/et_pb_section]<\/p>\n","protected":false},"excerpt":{"rendered":"<p>Symposium\u00a0 &nbsp;Mosche Zimmermann Samstag, 12.00 \u2013 12.45Hebr\u00e4ische Universit\u00e4t JerusalemDas Zweischneidige der neuen Heimat\u00a0 &nbsp;Das Zweischneidige der neuen Heimat \u00a0Juden, die nach Pal\u00e4stina auswandern, kommen dort nicht einfach an (im Sinne von \u201earrival\u201c), sie \u201emachen Alija\u201c (Hebr\u00e4isch: Aufstieg). F\u00fcr Juden, die aus Nazi Deutschland nach Pal\u00e4stina fliehen konnten \u2013 war es eine Ankunft (arrival) in einer [&hellip;]<\/p>\n","protected":false},"author":1,"featured_media":0,"parent":0,"menu_order":0,"comment_status":"closed","ping_status":"closed","template":"","meta":{"_et_pb_use_builder":"on","_et_pb_old_content":"","_et_gb_content_width":"","footnotes":""},"class_list":["post-364","page","type-page","status-publish","hentry"],"_links":{"self":[{"href":"https:\/\/ankommen-ohne-worte.de\/en\/wp-json\/wp\/v2\/pages\/364","targetHints":{"allow":["GET"]}}],"collection":[{"href":"https:\/\/ankommen-ohne-worte.de\/en\/wp-json\/wp\/v2\/pages"}],"about":[{"href":"https:\/\/ankommen-ohne-worte.de\/en\/wp-json\/wp\/v2\/types\/page"}],"author":[{"embeddable":true,"href":"https:\/\/ankommen-ohne-worte.de\/en\/wp-json\/wp\/v2\/users\/1"}],"replies":[{"embeddable":true,"href":"https:\/\/ankommen-ohne-worte.de\/en\/wp-json\/wp\/v2\/comments?post=364"}],"version-history":[{"count":8,"href":"https:\/\/ankommen-ohne-worte.de\/en\/wp-json\/wp\/v2\/pages\/364\/revisions"}],"predecessor-version":[{"id":748,"href":"https:\/\/ankommen-ohne-worte.de\/en\/wp-json\/wp\/v2\/pages\/364\/revisions\/748"}],"wp:attachment":[{"href":"https:\/\/ankommen-ohne-worte.de\/en\/wp-json\/wp\/v2\/media?parent=364"}],"curies":[{"name":"wp","href":"https:\/\/api.w.org\/{rel}","templated":true}]}}